{"id":461,"date":"2022-07-25T19:36:13","date_gmt":"2022-07-25T19:36:13","guid":{"rendered":"https:\/\/ventosurbanos.pt\/home\/credito\/?page_id=461"},"modified":"2022-07-25T20:53:46","modified_gmt":"2022-07-25T20:53:46","slug":"politica-privacidade","status":"publish","type":"page","link":"https:\/\/ventosurbanos.pt\/home\/credito\/politica-privacidade\/","title":{"rendered":"Pol\u00edtica de Privacidade"},"content":{"rendered":"\t\t<div data-elementor-type=\"wp-page\" data-elementor-id=\"461\" class=\"elementor elementor-461\" data-elementor-post-type=\"page\">\n\t\t\t\t\t\t<section class=\"elementor-section elementor-top-section elementor-element elementor-element-effa2e9 elementor-section-boxed elementor-section-height-default elementor-section-height-default\" data-id=\"effa2e9\" data-element_type=\"section\">\n\t\t\t\t\t\t<div class=\"elementor-container elementor-column-gap-default\">\n\t\t\t\t\t<div class=\"elementor-column elementor-col-100 elementor-top-column elementor-element elementor-element-443c765\" data-id=\"443c765\" data-element_type=\"column\">\n\t\t\t<div class=\"elementor-widget-wrap elementor-element-populated\">\n\t\t\t\t\t\t<div class=\"elementor-element elementor-element-00a0357 elementor-widget elementor-widget-spacer\" data-id=\"00a0357\" data-element_type=\"widget\" data-widget_type=\"spacer.default\">\n\t\t\t\t\t\t\t<div class=\"elementor-spacer\">\n\t\t\t<div class=\"elementor-spacer-inner\"><\/div>\n\t\t<\/div>\n\t\t\t\t\t\t<\/div>\n\t\t\t\t<div class=\"elementor-element elementor-element-e891121 elementor-widget elementor-widget-heading\" data-id=\"e891121\" data-element_type=\"widget\" data-widget_type=\"heading.default\">\n\t\t\t\t\t<h2 class=\"elementor-heading-title elementor-size-default\">Pol\u00edtica de Cookies<\/h2>\t\t\t\t<\/div>\n\t\t\t\t<div class=\"elementor-element elementor-element-0208164 elementor-widget elementor-widget-spacer\" data-id=\"0208164\" data-element_type=\"widget\" data-widget_type=\"spacer.default\">\n\t\t\t\t\t\t\t<div class=\"elementor-spacer\">\n\t\t\t<div class=\"elementor-spacer-inner\"><\/div>\n\t\t<\/div>\n\t\t\t\t\t\t<\/div>\n\t\t\t\t\t<\/div>\n\t\t<\/div>\n\t\t\t\t\t<\/div>\n\t\t<\/section>\n\t\t\t\t<section class=\"elementor-section elementor-top-section elementor-element elementor-element-3316aa2 elementor-section-boxed elementor-section-height-default elementor-section-height-default\" data-id=\"3316aa2\" data-element_type=\"section\">\n\t\t\t\t\t\t<div class=\"elementor-container elementor-column-gap-default\">\n\t\t\t\t\t<div class=\"elementor-column elementor-col-100 elementor-top-column elementor-element elementor-element-d71c4c5\" data-id=\"d71c4c5\" data-element_type=\"column\">\n\t\t\t<div class=\"elementor-widget-wrap elementor-element-populated\">\n\t\t\t\t\t\t<div class=\"elementor-element elementor-element-ccadb35 elementor-widget elementor-widget-text-editor\" data-id=\"ccadb35\" data-element_type=\"widget\" data-widget_type=\"text-editor.default\">\n\t\t\t\t\t\t\t\t\t<p>Este website utiliza cookies. A Ventos Urbanos Unipessoal LDA, utiliza cookies pr\u00f3prios e terceiros com o objetivo de criar uma experi\u00eancia melhorada na navega\u00e7\u00e3o no nosso website e para fins anal\u00edticos. Para obter mais informa\u00e7\u00f5es sobre a utiliza\u00e7\u00e3o de cada um dos cookies, consulte a nossa pol\u00edtica de cookies.<\/p><p>Os cookies s\u00e3o pequenos ficheiros de texto que podem ser utilizados por websites para tornar a experi\u00eancia do utilizador mais eficiente.<\/p><p>A lei diz que podemos armazenar cookies no seu dispositivo se forem estritamente necess\u00e1rios para o funcionamento deste site. Para todos os outros tipos de cookies precisamos da sua permiss\u00e3o.<\/p><p>Este site utiliza diferentes tipos de cookies. Alguns cookies s\u00e3o colocados por servi\u00e7os independentes que aparecem nas nossas p\u00e1ginas.<\/p><p>Pode a qualquer momento alterar ou retirar o seu consentimento da Declara\u00e7\u00e3o de Cookies no nosso website.<\/p><p>Saiba mais sobre quem somos, como pode contactar-nos e como processamos os dados pessoais na nossa\u00a0Pol\u00edtica de Privacidade.<\/p><p>Indique sua ID de consentimento e a data quando entrar em contato conosco sobre o seu consentimento.<\/p><p>O seu consentimento aplica-se aos seguintes dom\u00ednios: ventosurbanos.pt<\/p><p>Altere aqui o seu consentimento:<\/p>\t\t\t\t\t\t\t\t<\/div>\n\t\t\t\t<div class=\"elementor-element elementor-element-2222f64 elementor-widget elementor-widget-shortcode\" data-id=\"2222f64\" data-element_type=\"widget\" data-widget_type=\"shortcode.default\">\n\t\t\t\t\t\t\t<div class=\"elementor-shortcode\">[cookie_settings]<\/div>\n\t\t\t\t\t\t<\/div>\n\t\t\t\t<div class=\"elementor-element elementor-element-d265dc9 elementor-widget elementor-widget-shortcode\" data-id=\"d265dc9\" data-element_type=\"widget\" data-widget_type=\"shortcode.default\">\n\t\t\t\t\t\t\t<div class=\"elementor-shortcode\">[cookie_audit]<\/div>\n\t\t\t\t\t\t<\/div>\n\t\t\t\t\t<\/div>\n\t\t<\/div>\n\t\t\t\t\t<\/div>\n\t\t<\/section>\n\t\t\t\t<\/div>\n\t\t","protected":false},"excerpt":{"rendered":"<p>Pol\u00edtica de Cookies Este website utiliza cookies. A Ventos Urbanos Unipessoal LDA, utiliza cookies pr\u00f3prios e terceiros com o objetivo de criar uma experi\u00eancia melhorada na navega\u00e7\u00e3o no nosso website e para fins anal\u00edticos. Para obter mais informa\u00e7\u00f5es sobre a utiliza\u00e7\u00e3o de cada um dos cookies, consulte a nossa pol\u00edtica de cookies. Os cookies s\u00e3o [&hellip;]<\/p>\n","protected":false},"author":1,"featured_media":0,"parent":0,"menu_order":0,"comment_status":"closed","ping_status":"closed","template":"","meta":{"footnotes":""},"class_list":["post-461","page","type-page","status-publish","hentry"],"yoast_head":"<!-- This site is optimized with the Yoast SEO plugin v25.9 - https:\/\/yoast.com\/wordpress\/plugins\/seo\/ -->\n<title>Pol\u00edtica de Privacidade - Ventos Urbanos - Intermedia\u00e7\u00e3o de Cr\u00e9dito<\/title>\n<meta name=\"robots\" content=\"index, follow, max-snippet:-1, max-image-preview:large, max-video-preview:-1\" \/>\n<link rel=\"canonical\" href=\"https:\/\/ventosurbanos.pt\/home\/credito\/politica-privacidade\/\" \/>\n<meta property=\"og:locale\" content=\"pt_PT\" \/>\n<meta property=\"og:type\" content=\"article\" \/>\n<meta property=\"og:title\" content=\"Pol\u00edtica de Privacidade - Ventos Urbanos - Intermedia\u00e7\u00e3o de Cr\u00e9dito\" \/>\n<meta property=\"og:description\" content=\"Pol\u00edtica de Cookies Este website utiliza cookies. A Ventos Urbanos Unipessoal LDA, utiliza cookies pr\u00f3prios e terceiros com o objetivo de criar uma experi\u00eancia melhorada na navega\u00e7\u00e3o no nosso website e para fins anal\u00edticos. Para obter mais informa\u00e7\u00f5es sobre a utiliza\u00e7\u00e3o de cada um dos cookies, consulte a nossa pol\u00edtica de cookies. Os cookies s\u00e3o [&hellip;]\" \/>\n<meta property=\"og:url\" content=\"https:\/\/ventosurbanos.pt\/home\/credito\/politica-privacidade\/\" \/>\n<meta property=\"og:site_name\" content=\"Ventos Urbanos - Intermedia\u00e7\u00e3o de Cr\u00e9dito\" \/>\n<meta property=\"article:modified_time\" content=\"2022-07-25T20:53:46+00:00\" \/>\n<meta name=\"twitter:card\" content=\"summary_large_image\" \/>\n<meta name=\"twitter:label1\" content=\"Tempo estimado de leitura\" \/>\n\t<meta name=\"twitter:data1\" content=\"2 minutos\" \/>\n<script type=\"application\/ld+json\" class=\"yoast-schema-graph\">{\"@context\":\"https:\/\/schema.org\",\"@graph\":[{\"@type\":\"WebPage\",\"@id\":\"https:\/\/ventosurbanos.pt\/home\/credito\/politica-privacidade\/\",\"url\":\"https:\/\/ventosurbanos.pt\/home\/credito\/politica-privacidade\/\",\"name\":\"Pol\u00edtica de Privacidade - Ventos Urbanos - Intermedia\u00e7\u00e3o de Cr\u00e9dito\",\"isPartOf\":{\"@id\":\"https:\/\/ventosurbanos.pt\/home\/credito\/#website\"},\"datePublished\":\"2022-07-25T19:36:13+00:00\",\"dateModified\":\"2022-07-25T20:53:46+00:00\",\"breadcrumb\":{\"@id\":\"https:\/\/ventosurbanos.pt\/home\/credito\/politica-privacidade\/#breadcrumb\"},\"inLanguage\":\"pt-PT\",\"potentialAction\":[{\"@type\":\"ReadAction\",\"target\":[\"https:\/\/ventosurbanos.pt\/home\/credito\/politica-privacidade\/\"]}]},{\"@type\":\"BreadcrumbList\",\"@id\":\"https:\/\/ventosurbanos.pt\/home\/credito\/politica-privacidade\/#breadcrumb\",\"itemListElement\":[{\"@type\":\"ListItem\",\"position\":1,\"name\":\"In\u00edcio\",\"item\":\"https:\/\/ventosurbanos.pt\/home\/credito\/\"},{\"@type\":\"ListItem\",\"position\":2,\"name\":\"Pol\u00edtica de Privacidade\"}]},{\"@type\":\"WebSite\",\"@id\":\"https:\/\/ventosurbanos.pt\/home\/credito\/#website\",\"url\":\"https:\/\/ventosurbanos.pt\/home\/credito\/\",\"name\":\"Ventos Urbanos - Intermedia\u00e7\u00e3o de Cr\u00e9dito\",\"description\":\"Solu\u00e7\u00f5es de Cr\u00e9dito - Ventos Urbanos\",\"publisher\":{\"@id\":\"https:\/\/ventosurbanos.pt\/home\/credito\/#organization\"},\"potentialAction\":[{\"@type\":\"SearchAction\",\"target\":{\"@type\":\"EntryPoint\",\"urlTemplate\":\"https:\/\/ventosurbanos.pt\/home\/credito\/?s={search_term_string}\"},\"query-input\":{\"@type\":\"PropertyValueSpecification\",\"valueRequired\":true,\"valueName\":\"search_term_string\"}}],\"inLanguage\":\"pt-PT\"},{\"@type\":\"Organization\",\"@id\":\"https:\/\/ventosurbanos.pt\/home\/credito\/#organization\",\"name\":\"Ventos Urbanos - Intermedia\u00e7\u00e3o de Cr\u00e9dito\",\"url\":\"https:\/\/ventosurbanos.pt\/home\/credito\/\",\"logo\":{\"@type\":\"ImageObject\",\"inLanguage\":\"pt-PT\",\"@id\":\"https:\/\/ventosurbanos.pt\/home\/credito\/#\/schema\/logo\/image\/\",\"url\":\"https:\/\/ventosurbanos.pt\/home\/credito\/wp-content\/uploads\/sites\/2\/2022\/06\/logo_ventos-1.svg\",\"contentUrl\":\"https:\/\/ventosurbanos.pt\/home\/credito\/wp-content\/uploads\/sites\/2\/2022\/06\/logo_ventos-1.svg\",\"width\":700,\"height\":300,\"caption\":\"Ventos Urbanos - Intermedia\u00e7\u00e3o de Cr\u00e9dito\"},\"image\":{\"@id\":\"https:\/\/ventosurbanos.pt\/home\/credito\/#\/schema\/logo\/image\/\"}}]}<\/script>\n<!-- \/ Yoast SEO plugin. -->","yoast_head_json":{"title":"Pol\u00edtica de Privacidade - Ventos Urbanos - Intermedia\u00e7\u00e3o de Cr\u00e9dito","robots":{"index":"index","follow":"follow","max-snippet":"max-snippet:-1","max-image-preview":"max-image-preview:large","max-video-preview":"max-video-preview:-1"},"canonical":"https:\/\/ventosurbanos.pt\/home\/credito\/politica-privacidade\/","og_locale":"pt_PT","og_type":"article","og_title":"Pol\u00edtica de Privacidade - Ventos Urbanos - Intermedia\u00e7\u00e3o de Cr\u00e9dito","og_description":"Pol\u00edtica de Cookies Este website utiliza cookies. A Ventos Urbanos Unipessoal LDA, utiliza cookies pr\u00f3prios e terceiros com o objetivo de criar uma experi\u00eancia melhorada na navega\u00e7\u00e3o no nosso website e para fins anal\u00edticos. Para obter mais informa\u00e7\u00f5es sobre a utiliza\u00e7\u00e3o de cada um dos cookies, consulte a nossa pol\u00edtica de cookies. Os cookies s\u00e3o [&hellip;]","og_url":"https:\/\/ventosurbanos.pt\/home\/credito\/politica-privacidade\/","og_site_name":"Ventos Urbanos - Intermedia\u00e7\u00e3o de Cr\u00e9dito","article_modified_time":"2022-07-25T20:53:46+00:00","twitter_card":"summary_large_image","twitter_misc":{"Tempo estimado de leitura":"2 minutos"},"schema":{"@context":"https:\/\/schema.org","@graph":[{"@type":"WebPage","@id":"https:\/\/ventosurbanos.pt\/home\/credito\/politica-privacidade\/","url":"https:\/\/ventosurbanos.pt\/home\/credito\/politica-privacidade\/","name":"Pol\u00edtica de Privacidade - Ventos Urbanos - Intermedia\u00e7\u00e3o de Cr\u00e9dito","isPartOf":{"@id":"https:\/\/ventosurbanos.pt\/home\/credito\/#website"},"datePublished":"2022-07-25T19:36:13+00:00","dateModified":"2022-07-25T20:53:46+00:00","breadcrumb":{"@id":"https:\/\/ventosurbanos.pt\/home\/credito\/politica-privacidade\/#breadcrumb"},"inLanguage":"pt-PT","potentialAction":[{"@type":"ReadAction","target":["https:\/\/ventosurbanos.pt\/home\/credito\/politica-privacidade\/"]}]},{"@type":"BreadcrumbList","@id":"https:\/\/ventosurbanos.pt\/home\/credito\/politica-privacidade\/#breadcrumb","itemListElement":[{"@type":"ListItem","position":1,"name":"In\u00edcio","item":"https:\/\/ventosurbanos.pt\/home\/credito\/"},{"@type":"ListItem","position":2,"name":"Pol\u00edtica de Privacidade"}]},{"@type":"WebSite","@id":"https:\/\/ventosurbanos.pt\/home\/credito\/#website","url":"https:\/\/ventosurbanos.pt\/home\/credito\/","name":"Ventos Urbanos - Intermedia\u00e7\u00e3o de Cr\u00e9dito","description":"Solu\u00e7\u00f5es de Cr\u00e9dito - Ventos Urbanos","publisher":{"@id":"https:\/\/ventosurbanos.pt\/home\/credito\/#organization"},"potentialAction":[{"@type":"SearchAction","target":{"@type":"EntryPoint","urlTemplate":"https:\/\/ventosurbanos.pt\/home\/credito\/?s={search_term_string}"},"query-input":{"@type":"PropertyValueSpecification","valueRequired":true,"valueName":"search_term_string"}}],"inLanguage":"pt-PT"},{"@type":"Organization","@id":"https:\/\/ventosurbanos.pt\/home\/credito\/#organization","name":"Ventos Urbanos - Intermedia\u00e7\u00e3o de Cr\u00e9dito","url":"https:\/\/ventosurbanos.pt\/home\/credito\/","logo":{"@type":"ImageObject","inLanguage":"pt-PT","@id":"https:\/\/ventosurbanos.pt\/home\/credito\/#\/schema\/logo\/image\/","url":"https:\/\/ventosurbanos.pt\/home\/credito\/wp-content\/uploads\/sites\/2\/2022\/06\/logo_ventos-1.svg","contentUrl":"https:\/\/ventosurbanos.pt\/home\/credito\/wp-content\/uploads\/sites\/2\/2022\/06\/logo_ventos-1.svg","width":700,"height":300,"caption":"Ventos Urbanos - Intermedia\u00e7\u00e3o de Cr\u00e9dito"},"image":{"@id":"https:\/\/ventosurbanos.pt\/home\/credito\/#\/schema\/logo\/image\/"}}]}},"_links":{"self":[{"href":"https:\/\/ventosurbanos.pt\/home\/credito\/wp-json\/wp\/v2\/pages\/461","targetHints":{"allow":["GET"]}}],"collection":[{"href":"https:\/\/ventosurbanos.pt\/home\/credito\/wp-json\/wp\/v2\/pages"}],"about":[{"href":"https:\/\/ventosurbanos.pt\/home\/credito\/wp-json\/wp\/v2\/types\/page"}],"author":[{"embeddable":true,"href":"https:\/\/ventosurbanos.pt\/home\/credito\/wp-json\/wp\/v2\/users\/1"}],"replies":[{"embeddable":true,"href":"https:\/\/ventosurbanos.pt\/home\/credito\/wp-json\/wp\/v2\/comments?post=461"}],"version-history":[{"count":19,"href":"https:\/\/ventosurbanos.pt\/home\/credito\/wp-json\/wp\/v2\/pages\/461\/revisions"}],"predecessor-version":[{"id":511,"href":"https:\/\/ventosurbanos.pt\/home\/credito\/wp-json\/wp\/v2\/pages\/461\/revisions\/511"}],"wp:attachment":[{"href":"https:\/\/ventosurbanos.pt\/home\/credito\/wp-json\/wp\/v2\/media?parent=461"}],"curies":[{"name":"wp","href":"https:\/\/api.w.org\/{rel}","templated":true}]}}