{"id":346,"date":"2022-07-16T16:54:20","date_gmt":"2022-07-16T16:54:20","guid":{"rendered":"https:\/\/ventosurbanos.pt\/home\/credito\/?page_id=346"},"modified":"2022-10-06T18:02:05","modified_gmt":"2022-10-06T18:02:05","slug":"onde-estamos","status":"publish","type":"page","link":"https:\/\/ventosurbanos.pt\/home\/credito\/onde-estamos\/","title":{"rendered":"Onde estamos"},"content":{"rendered":"\t\t<div data-elementor-type=\"wp-page\" data-elementor-id=\"346\" class=\"elementor elementor-346\" data-elementor-post-type=\"page\">\n\t\t\t\t\t\t<section class=\"elementor-section elementor-top-section elementor-element elementor-element-334e5d7 elementor-section-full_width elementor-section-stretched elementor-section-height-default elementor-section-height-default\" data-id=\"334e5d7\" data-element_type=\"section\" data-settings=\"{&quot;stretch_section&quot;:&quot;section-stretched&quot;}\">\n\t\t\t\t\t\t<div class=\"elementor-container elementor-column-gap-default\">\n\t\t\t\t\t<div class=\"elementor-column elementor-col-100 elementor-top-column elementor-element elementor-element-e8bcf3a\" data-id=\"e8bcf3a\" data-element_type=\"column\">\n\t\t\t<div class=\"elementor-widget-wrap elementor-element-populated\">\n\t\t\t\t\t\t<div class=\"elementor-element elementor-element-e1d79e7 elementor--h-position-center elementor--v-position-middle elementor-arrows-position-inside elementor-pagination-position-inside elementor-widget elementor-widget-slides\" data-id=\"e1d79e7\" data-element_type=\"widget\" data-settings=\"{&quot;navigation&quot;:&quot;both&quot;,&quot;autoplay&quot;:&quot;yes&quot;,&quot;pause_on_hover&quot;:&quot;yes&quot;,&quot;pause_on_interaction&quot;:&quot;yes&quot;,&quot;autoplay_speed&quot;:5000,&quot;infinite&quot;:&quot;yes&quot;,&quot;transition&quot;:&quot;slide&quot;,&quot;transition_speed&quot;:500}\" data-widget_type=\"slides.default\">\n\t\t\t\t\t\t\t\t\t\t<div class=\"elementor-slides-wrapper elementor-main-swiper swiper\" role=\"region\" aria-roledescription=\"carousel\" aria-label=\"Slides\" dir=\"ltr\" data-animation=\"fadeInUp\">\n\t\t\t\t<div class=\"swiper-wrapper elementor-slides\">\n\t\t\t\t\t\t\t\t\t\t<div class=\"elementor-repeater-item-1e9fc65 swiper-slide\" role=\"group\" aria-roledescription=\"slide\"><div class=\"swiper-slide-bg elementor-ken-burns elementor-ken-burns--in\" role=\"img\"><\/div><div class=\"elementor-background-overlay\"><\/div><div class=\"swiper-slide-inner\" ><div class=\"swiper-slide-contents\"><div class=\"elementor-slide-heading\">Onde Estamos?<\/div><\/div><\/div><\/div>\t\t\t\t<\/div>\n\t\t\t\t\t\t\t<\/div>\n\t\t\t\t\t\t\t\t<\/div>\n\t\t\t\t\t<\/div>\n\t\t<\/div>\n\t\t\t\t\t<\/div>\n\t\t<\/section>\n\t\t\t\t<section class=\"elementor-section elementor-top-section elementor-element elementor-element-f83f3e5 elementor-section-boxed elementor-section-height-default elementor-section-height-default\" data-id=\"f83f3e5\" data-element_type=\"section\">\n\t\t\t\t\t\t<div class=\"elementor-container elementor-column-gap-default\">\n\t\t\t\t\t<div class=\"elementor-column elementor-col-100 elementor-top-column elementor-element elementor-element-27e0876\" data-id=\"27e0876\" data-element_type=\"column\">\n\t\t\t<div class=\"elementor-widget-wrap elementor-element-populated\">\n\t\t\t\t\t\t<div class=\"elementor-element elementor-element-2ef0c83 elementor-widget elementor-widget-spacer\" data-id=\"2ef0c83\" data-element_type=\"widget\" data-widget_type=\"spacer.default\">\n\t\t\t\t\t\t\t<div class=\"elementor-spacer\">\n\t\t\t<div class=\"elementor-spacer-inner\"><\/div>\n\t\t<\/div>\n\t\t\t\t\t\t<\/div>\n\t\t\t\t\t<\/div>\n\t\t<\/div>\n\t\t\t\t\t<\/div>\n\t\t<\/section>\n\t\t\t\t<section class=\"elementor-section elementor-top-section elementor-element elementor-element-fb7c0d2 elementor-section-boxed elementor-section-height-default elementor-section-height-default\" data-id=\"fb7c0d2\" data-element_type=\"section\">\n\t\t\t\t\t\t<div class=\"elementor-container elementor-column-gap-default\">\n\t\t\t\t\t<div class=\"elementor-column elementor-col-33 elementor-top-column elementor-element elementor-element-0f16302\" data-id=\"0f16302\" data-element_type=\"column\">\n\t\t\t<div class=\"elementor-widget-wrap\">\n\t\t\t\t\t\t\t<\/div>\n\t\t<\/div>\n\t\t\t\t<div class=\"elementor-column elementor-col-66 elementor-top-column elementor-element elementor-element-7c745db\" data-id=\"7c745db\" data-element_type=\"column\">\n\t\t\t<div class=\"elementor-widget-wrap elementor-element-populated\">\n\t\t\t\t\t\t<div class=\"elementor-element elementor-element-2aeec0b elementor-widget elementor-widget-html\" data-id=\"2aeec0b\" data-element_type=\"widget\" data-widget_type=\"html.default\">\n\t\t\t\t\t<iframe src=\"https:\/\/www.google.com\/maps\/embed?pb=!1m18!1m12!1m3!1d1271.2065442469445!2d-9.213087959479289!3d38.739621074704495!2m3!1f0!2f0!3f0!3m2!1i1024!2i768!4f13.1!3m3!1m2!1s0xd1ecce7e525a4bb%3A0x25313caeacb4b46f!2sPraceta%20Carlos%20Pereira%20Callixto%2C%202610-021%20Amadora!5e0!3m2!1spt-PT!2spt!4v1657990420580!5m2!1spt-PT!2spt\" width=\"600\" height=\"600\" style=\"border:0;\" allowfullscreen=\"\" loading=\"lazy\" referrerpolicy=\"no-referrer-when-downgrade\"><\/iframe>\t\t\t\t<\/div>\n\t\t\t\t\t<\/div>\n\t\t<\/div>\n\t\t\t\t\t<\/div>\n\t\t<\/section>\n\t\t\t\t<section class=\"elementor-section elementor-top-section elementor-element elementor-element-d158646 elementor-section-boxed elementor-section-height-default elementor-section-height-default\" data-id=\"d158646\" data-element_type=\"section\">\n\t\t\t\t\t\t<div class=\"elementor-container elementor-column-gap-default\">\n\t\t\t\t\t<div class=\"elementor-column elementor-col-100 elementor-top-column elementor-element elementor-element-6a0b047\" data-id=\"6a0b047\" data-element_type=\"column\">\n\t\t\t<div class=\"elementor-widget-wrap elementor-element-populated\">\n\t\t\t\t\t\t<div class=\"elementor-element elementor-element-7dbd219 elementor-widget elementor-widget-spacer\" data-id=\"7dbd219\" data-element_type=\"widget\" data-widget_type=\"spacer.default\">\n\t\t\t\t\t\t\t<div class=\"elementor-spacer\">\n\t\t\t<div class=\"elementor-spacer-inner\"><\/div>\n\t\t<\/div>\n\t\t\t\t\t\t<\/div>\n\t\t\t\t<div class=\"elementor-element elementor-element-89b8955 elementor-widget elementor-widget-spacer\" data-id=\"89b8955\" data-element_type=\"widget\" data-widget_type=\"spacer.default\">\n\t\t\t\t\t\t\t<div class=\"elementor-spacer\">\n\t\t\t<div class=\"elementor-spacer-inner\"><\/div>\n\t\t<\/div>\n\t\t\t\t\t\t<\/div>\n\t\t\t\t\t<\/div>\n\t\t<\/div>\n\t\t\t\t\t<\/div>\n\t\t<\/section>\n\t\t\t\t<section class=\"elementor-section elementor-top-section elementor-element elementor-element-22929629 elementor-section-boxed elementor-section-height-default elementor-section-height-default\" data-id=\"22929629\" data-element_type=\"section\" data-settings=\"{&quot;background_background&quot;:&quot;gradient&quot;}\">\n\t\t\t\t\t\t<div class=\"elementor-container elementor-column-gap-no\">\n\t\t\t\t\t<div class=\"elementor-column elementor-col-100 elementor-top-column elementor-element elementor-element-35bd3eda\" data-id=\"35bd3eda\" data-element_type=\"column\" data-settings=\"{&quot;background_background&quot;:&quot;classic&quot;}\">\n\t\t\t<div class=\"elementor-widget-wrap elementor-element-populated\">\n\t\t\t\t\t<div class=\"elementor-background-overlay\"><\/div>\n\t\t\t\t\t\t<div class=\"elementor-element elementor-element-3e6ca441 elementor-widget__width-initial elementor-widget-tablet__width-inherit elementor-widget elementor-widget-heading\" data-id=\"3e6ca441\" data-element_type=\"widget\" data-widget_type=\"heading.default\">\n\t\t\t\t\t<h2 class=\"elementor-heading-title elementor-size-default\">Entre em contato connosco<\/h2>\t\t\t\t<\/div>\n\t\t\t\t<div class=\"elementor-element elementor-element-4842a9e8 elementor-widget elementor-widget-heading\" data-id=\"4842a9e8\" data-element_type=\"widget\" data-widget_type=\"heading.default\">\n\t\t\t\t\t<p class=\"elementor-heading-title elementor-size-default\">Preencha o formul\u00e1rio abaixo se deseja ser contatado pela nossa equipa e obter mais detalhes sobre os nossos servi\u00e7os.<\/p>\t\t\t\t<\/div>\n\t\t\t\t<div class=\"elementor-element elementor-element-76a9d34 elementor-widget elementor-widget-spacer\" data-id=\"76a9d34\" data-element_type=\"widget\" data-widget_type=\"spacer.default\">\n\t\t\t\t\t\t\t<div class=\"elementor-spacer\">\n\t\t\t<div class=\"elementor-spacer-inner\"><\/div>\n\t\t<\/div>\n\t\t\t\t\t\t<\/div>\n\t\t\t\t<div class=\"elementor-element elementor-element-ec9f181 fluentform-widget-submit-button-custom elementor-widget elementor-widget-fluent-form-widget\" data-id=\"ec9f181\" data-element_type=\"widget\" data-widget_type=\"fluent-form-widget.default\">\n\t\t\t\t<div class=\"elementor-widget-container\">\n\t\t\t\t\t\n            <div class=\"fluentform-widget-wrapper fluentform-widget-align-default\">\n\n            \n            <div class='fluentform ff-default fluentform_wrapper_1 ffs_default_wrap'><form data-form_id=\"1\" id=\"fluentform_1\" class=\"frm-fluent-form fluent_form_1 ff-el-form-top ff_form_instance_1_1 ff-form-loading ffs_default\" data-form_instance=\"ff_form_instance_1_1\" method=\"POST\" ><fieldset  style=\"border: none!important;margin: 0!important;padding: 0!important;background-color: transparent!important;box-shadow: none!important;outline: none!important; min-inline-size: 100%;\">\n                    <legend class=\"ff_screen_reader_title\" style=\"display: block; margin: 0!important;padding: 0!important;height: 0!important;text-indent: -999999px;width: 0!important;overflow:hidden;\">Contact Form Demo (#1)<\/legend><input type='hidden' name='__fluent_form_embded_post_id' value='346' \/><input type=\"hidden\" id=\"_fluentform_1_fluentformnonce\" name=\"_fluentform_1_fluentformnonce\" value=\"7173e1db9e\" \/><input type=\"hidden\" name=\"_wp_http_referer\" value=\"\/home\/credito\/wp-json\/wp\/v2\/pages\/346\" \/><div data-type=\"name-element\" data-name=\"names\" class=\" ff-field_container ff-name-field-wrapper\" ><div class='ff-t-container'><div class='ff-t-cell '><div class='ff-el-group  ff-el-form-hide_label'><div class='ff-el-input--content'><input type=\"text\" name=\"names[first_name]\" id=\"ff_1_names_first_name_\" class=\"ff-el-form-control\" placeholder=\"Primeiro nome\" aria-invalid=\"false\" aria-required=true><\/div><\/div><\/div><div class='ff-t-cell '><div class='ff-el-group  ff-el-form-hide_label'><div class=\"ff-el-input--label asterisk-right\"><label for='ff_1_names_last_name_' >Last Name<\/label><\/div><div class='ff-el-input--content'><input type=\"text\" name=\"names[last_name]\" id=\"ff_1_names_last_name_\" class=\"ff-el-form-control\" placeholder=\"\u00daltimo nome\" aria-invalid=\"false\" aria-required=false><\/div><\/div><\/div><\/div><\/div><div class='ff-el-group ff-el-form-hide_label'><div class=\"ff-el-input--label ff-el-is-required asterisk-right\"><label for='ff_1_email' aria-label=\"Email\">Email<\/label><\/div><div class='ff-el-input--content'><input type=\"email\" name=\"email\" id=\"ff_1_email\" class=\"ff-el-form-control\" placeholder=\"Email\" data-name=\"email\"  aria-invalid=\"false\" aria-required=true><\/div><\/div><div class='ff-el-group ff-el-form-hide_label'><div class=\"ff-el-input--label asterisk-right\"><label for='ff_1_input_text' aria-label=\"Text Input\">Text Input<\/label><\/div><div class='ff-el-input--content'><input type=\"text\" name=\"input_text\" class=\"ff-el-form-control\" placeholder=\"Empresa\" data-name=\"input_text\" id=\"ff_1_input_text\"  aria-invalid=\"false\" aria-required=false><\/div><\/div><div class='ff-el-group ff-el-form-hide_label'><div class=\"ff-el-input--label asterisk-right\"><label for='ff_1_subject' aria-label=\"Assunto\">Assunto<\/label><\/div><div class='ff-el-input--content'><input type=\"text\" name=\"subject\" class=\"ff-el-form-control\" placeholder=\"Assunto\" data-name=\"subject\" id=\"ff_1_subject\"  aria-invalid=\"false\" aria-required=false><\/div><\/div><div class='ff-el-group ff-el-form-hide_label'><div class=\"ff-el-input--label ff-el-is-required asterisk-right\"><label for='ff_1_message' aria-label=\"Your Message\">Your Message<\/label><\/div><div class='ff-el-input--content'><textarea aria-invalid=\"false\" aria-required=true name=\"message\" id=\"ff_1_message\" class=\"ff-el-form-control\" placeholder=\"A sua mensagem\" rows=\"4\" cols=\"2\" data-name=\"message\" ><\/textarea><\/div><\/div><div class='ff-el-group    ff-el-input--content'><div class='ff-el-form-check ff-el-tc'><label aria-label='Li e aceito os Termos e condi\u00e7\u00f5es e a Pol\u00edtica de Privacidade.' class='ff-el-form-check-label ff_tc_label' for=gdpr-agreement_30b5c0896794fe2dbd83fb64267bdc90><span class='ff_tc_checkbox'><input type=\"checkbox\" name=\"gdpr-agreement\" class=\"ff-el-form-check-input ff_gdpr_field\" data-name=\"gdpr-agreement\" id=\"gdpr-agreement_30b5c0896794fe2dbd83fb64267bdc90\"  value='on' aria-invalid='false' aria-required=true><\/span> <div class='ff_t_c'>Li e aceito os Termos e condi\u00e7\u00f5es e a Pol\u00edtica de Privacidade.<\/div><\/label><\/div><\/div><div class='ff-el-group    ff-el-input--content'><div class='ff-el-form-check ff-el-tc'><label aria-label='Autorizo a utiliza\u00e7\u00e3o dos meus dados, e a comunica\u00e7\u00e3o dos mesmos aos parceiros Ventos Urbanos, para tratamento no \u00e2mbito da finalidade deste formul\u00e1rio.' class='ff-el-form-check-label ff_tc_label' for=gdpr_agreement_2_8c25f85e8238d7013bd478a0a1507d3c><span class='ff_tc_checkbox'><input type=\"checkbox\" name=\"gdpr_agreement_2\" class=\"ff-el-form-check-input ff_gdpr_field2\" data-name=\"gdpr_agreement_2\" id=\"gdpr_agreement_2_8c25f85e8238d7013bd478a0a1507d3c\"  value='on' aria-invalid='false' aria-required=true><\/span> <div class='ff_t_c'>Autorizo a utiliza\u00e7\u00e3o dos meus dados, e a comunica\u00e7\u00e3o dos mesmos aos parceiros Ventos Urbanos, para tratamento no \u00e2mbito da finalidade deste formul\u00e1rio.<\/div><\/label><\/div><\/div><div class='ff-el-group  ff-custom_html' tabindex='-1' data-name=\"custom_html-1_1\" ><p><span style=\"color: #ffffff\">VENTOS URBANOS - REGISTADA NO BANCO DE PORTUGAL N.\u00ba 0006143<\/span><\/p><\/div><div class='ff-el-group ff-text-left ff_submit_btn_wrapper'><button type=\"submit\" class=\"ff-btn ff-btn-submit ff-btn-lg ff_btn_style\" >Enviar<\/button><\/div><\/fieldset><\/form><div id='fluentform_1_errors' class='ff-errors-in-stack ff_form_instance_1_1 ff-form-loading_errors ff_form_instance_1_1_errors'><\/div><\/div>        <script type=\"text\/javascript\">\n            window.fluent_form_ff_form_instance_1_1 = {\"id\":\"1\",\"settings\":{\"layout\":{\"labelPlacement\":\"top\",\"helpMessagePlacement\":\"with_label\",\"errorMessagePlacement\":\"inline\",\"asteriskPlacement\":\"asterisk-right\"},\"id\":\"39\",\"restrictions\":{\"denyEmptySubmission\":{\"enabled\":false}}},\"form_instance\":\"ff_form_instance_1_1\",\"form_id_selector\":\"fluentform_1\",\"rules\":{\"names[first_name]\":{\"required\":{\"value\":true,\"message\":\"Campo obrigat\\u00f3rio\"}},\"names[middle_name]\":{\"required\":{\"value\":false,\"message\":\"This field is required\"}},\"names[last_name]\":{\"required\":{\"value\":false,\"message\":\"This field is required\"}},\"email\":{\"required\":{\"value\":true,\"message\":\"Campo obrigat\\u00f3rio\"},\"email\":{\"value\":true,\"message\":\"Este campo deve conter um email v\\u00e1lido\"}},\"phone\":{\"required\":{\"value\":true,\"message\":\"Campo obrigat\\u00f3rio\"},\"valid_phone_number\":{\"value\":false,\"message\":\"Phone number is not valid\"}},\"input_text\":{\"required\":{\"value\":false,\"message\":\"This field is required\"}},\"subject\":{\"required\":{\"value\":false,\"message\":\"This field is required\"}},\"message\":{\"required\":{\"value\":true,\"message\":\"This field is required\"}},\"gdpr-agreement\":{\"required\":{\"value\":true,\"message\":\"Campo obrigat\\u00f3rio\"}},\"gdpr_agreement_2\":{\"required\":{\"value\":true,\"message\":\"Campo obrigat\\u00f3rio\"}}},\"debounce_time\":300};\n                    <\/script>\n                    <\/div>\n\n            \t\t\t\t<\/div>\n\t\t\t\t<\/div>\n\t\t\t\t\t<\/div>\n\t\t<\/div>\n\t\t\t\t\t<\/div>\n\t\t<\/section>\n\t\t\t\t<\/div>\n\t\t","protected":false},"excerpt":{"rendered":"<p>Onde Estamos? Ventos Urbanos Praceta Carlos Pereira Callixto, 1-2\u00ba Dto &#8211; 2610-032 Amadora (+351) 926 341 907 geral@ventosurbanos.pt Hor\u00e1rios: Todos os dias09h00 &#8211; 20h00 Entre em contato connosco Preencha o formul\u00e1rio abaixo se deseja ser contatado pela nossa equipa e obter mais detalhes sobre os nossos servi\u00e7os. Last Name Email Text Input Assunto Your Message [&hellip;]<\/p>\n","protected":false},"author":1,"featured_media":0,"parent":0,"menu_order":0,"comment_status":"closed","ping_status":"closed","template":"","meta":{"footnotes":""},"class_list":["post-346","page","type-page","status-publish","hentry"],"yoast_head":"<!-- This site is optimized with the Yoast SEO plugin v25.9 - https:\/\/yoast.com\/wordpress\/plugins\/seo\/ -->\n<title>Onde estamos - Ventos Urbanos - Intermedia\u00e7\u00e3o de Cr\u00e9dito<\/title>\n<meta name=\"robots\" content=\"index, follow, max-snippet:-1, max-image-preview:large, max-video-preview:-1\" \/>\n<link rel=\"canonical\" href=\"https:\/\/ventosurbanos.pt\/home\/credito\/onde-estamos\/\" \/>\n<meta property=\"og:locale\" content=\"pt_PT\" \/>\n<meta property=\"og:type\" content=\"article\" \/>\n<meta property=\"og:title\" content=\"Onde estamos - Ventos Urbanos - Intermedia\u00e7\u00e3o de Cr\u00e9dito\" \/>\n<meta property=\"og:description\" content=\"Onde Estamos? Ventos Urbanos Praceta Carlos Pereira Callixto, 1-2\u00ba Dto &#8211; 2610-032 Amadora (+351) 926 341 907 geral@ventosurbanos.pt Hor\u00e1rios: Todos os dias09h00 &#8211; 20h00 Entre em contato connosco Preencha o formul\u00e1rio abaixo se deseja ser contatado pela nossa equipa e obter mais detalhes sobre os nossos servi\u00e7os. Last Name Email Text Input Assunto Your Message [&hellip;]\" \/>\n<meta property=\"og:url\" content=\"https:\/\/ventosurbanos.pt\/home\/credito\/onde-estamos\/\" \/>\n<meta property=\"og:site_name\" content=\"Ventos Urbanos - Intermedia\u00e7\u00e3o de Cr\u00e9dito\" \/>\n<meta property=\"article:modified_time\" content=\"2022-10-06T18:02:05+00:00\" \/>\n<meta name=\"twitter:card\" content=\"summary_large_image\" \/>\n<meta name=\"twitter:label1\" content=\"Tempo estimado de leitura\" \/>\n\t<meta name=\"twitter:data1\" content=\"1 minuto\" \/>\n<script type=\"application\/ld+json\" class=\"yoast-schema-graph\">{\"@context\":\"https:\/\/schema.org\",\"@graph\":[{\"@type\":\"WebPage\",\"@id\":\"https:\/\/ventosurbanos.pt\/home\/credito\/onde-estamos\/\",\"url\":\"https:\/\/ventosurbanos.pt\/home\/credito\/onde-estamos\/\",\"name\":\"Onde estamos - Ventos Urbanos - Intermedia\u00e7\u00e3o de Cr\u00e9dito\",\"isPartOf\":{\"@id\":\"https:\/\/ventosurbanos.pt\/home\/credito\/#website\"},\"datePublished\":\"2022-07-16T16:54:20+00:00\",\"dateModified\":\"2022-10-06T18:02:05+00:00\",\"breadcrumb\":{\"@id\":\"https:\/\/ventosurbanos.pt\/home\/credito\/onde-estamos\/#breadcrumb\"},\"inLanguage\":\"pt-PT\",\"potentialAction\":[{\"@type\":\"ReadAction\",\"target\":[\"https:\/\/ventosurbanos.pt\/home\/credito\/onde-estamos\/\"]}]},{\"@type\":\"BreadcrumbList\",\"@id\":\"https:\/\/ventosurbanos.pt\/home\/credito\/onde-estamos\/#breadcrumb\",\"itemListElement\":[{\"@type\":\"ListItem\",\"position\":1,\"name\":\"In\u00edcio\",\"item\":\"https:\/\/ventosurbanos.pt\/home\/credito\/\"},{\"@type\":\"ListItem\",\"position\":2,\"name\":\"Onde estamos\"}]},{\"@type\":\"WebSite\",\"@id\":\"https:\/\/ventosurbanos.pt\/home\/credito\/#website\",\"url\":\"https:\/\/ventosurbanos.pt\/home\/credito\/\",\"name\":\"Ventos Urbanos - Intermedia\u00e7\u00e3o de Cr\u00e9dito\",\"description\":\"Solu\u00e7\u00f5es de Cr\u00e9dito - Ventos Urbanos\",\"publisher\":{\"@id\":\"https:\/\/ventosurbanos.pt\/home\/credito\/#organization\"},\"potentialAction\":[{\"@type\":\"SearchAction\",\"target\":{\"@type\":\"EntryPoint\",\"urlTemplate\":\"https:\/\/ventosurbanos.pt\/home\/credito\/?s={search_term_string}\"},\"query-input\":{\"@type\":\"PropertyValueSpecification\",\"valueRequired\":true,\"valueName\":\"search_term_string\"}}],\"inLanguage\":\"pt-PT\"},{\"@type\":\"Organization\",\"@id\":\"https:\/\/ventosurbanos.pt\/home\/credito\/#organization\",\"name\":\"Ventos Urbanos - Intermedia\u00e7\u00e3o de Cr\u00e9dito\",\"url\":\"https:\/\/ventosurbanos.pt\/home\/credito\/\",\"logo\":{\"@type\":\"ImageObject\",\"inLanguage\":\"pt-PT\",\"@id\":\"https:\/\/ventosurbanos.pt\/home\/credito\/#\/schema\/logo\/image\/\",\"url\":\"https:\/\/ventosurbanos.pt\/home\/credito\/wp-content\/uploads\/sites\/2\/2022\/06\/logo_ventos-1.svg\",\"contentUrl\":\"https:\/\/ventosurbanos.pt\/home\/credito\/wp-content\/uploads\/sites\/2\/2022\/06\/logo_ventos-1.svg\",\"width\":700,\"height\":300,\"caption\":\"Ventos Urbanos - Intermedia\u00e7\u00e3o de Cr\u00e9dito\"},\"image\":{\"@id\":\"https:\/\/ventosurbanos.pt\/home\/credito\/#\/schema\/logo\/image\/\"}}]}<\/script>\n<!-- \/ Yoast SEO plugin. -->","yoast_head_json":{"title":"Onde estamos - Ventos Urbanos - Intermedia\u00e7\u00e3o de Cr\u00e9dito","robots":{"index":"index","follow":"follow","max-snippet":"max-snippet:-1","max-image-preview":"max-image-preview:large","max-video-preview":"max-video-preview:-1"},"canonical":"https:\/\/ventosurbanos.pt\/home\/credito\/onde-estamos\/","og_locale":"pt_PT","og_type":"article","og_title":"Onde estamos - Ventos Urbanos - Intermedia\u00e7\u00e3o de Cr\u00e9dito","og_description":"Onde Estamos? Ventos Urbanos Praceta Carlos Pereira Callixto, 1-2\u00ba Dto &#8211; 2610-032 Amadora (+351) 926 341 907 geral@ventosurbanos.pt Hor\u00e1rios: Todos os dias09h00 &#8211; 20h00 Entre em contato connosco Preencha o formul\u00e1rio abaixo se deseja ser contatado pela nossa equipa e obter mais detalhes sobre os nossos servi\u00e7os. Last Name Email Text Input Assunto Your Message [&hellip;]","og_url":"https:\/\/ventosurbanos.pt\/home\/credito\/onde-estamos\/","og_site_name":"Ventos Urbanos - Intermedia\u00e7\u00e3o de Cr\u00e9dito","article_modified_time":"2022-10-06T18:02:05+00:00","twitter_card":"summary_large_image","twitter_misc":{"Tempo estimado de leitura":"1 minuto"},"schema":{"@context":"https:\/\/schema.org","@graph":[{"@type":"WebPage","@id":"https:\/\/ventosurbanos.pt\/home\/credito\/onde-estamos\/","url":"https:\/\/ventosurbanos.pt\/home\/credito\/onde-estamos\/","name":"Onde estamos - Ventos Urbanos - Intermedia\u00e7\u00e3o de Cr\u00e9dito","isPartOf":{"@id":"https:\/\/ventosurbanos.pt\/home\/credito\/#website"},"datePublished":"2022-07-16T16:54:20+00:00","dateModified":"2022-10-06T18:02:05+00:00","breadcrumb":{"@id":"https:\/\/ventosurbanos.pt\/home\/credito\/onde-estamos\/#breadcrumb"},"inLanguage":"pt-PT","potentialAction":[{"@type":"ReadAction","target":["https:\/\/ventosurbanos.pt\/home\/credito\/onde-estamos\/"]}]},{"@type":"BreadcrumbList","@id":"https:\/\/ventosurbanos.pt\/home\/credito\/onde-estamos\/#breadcrumb","itemListElement":[{"@type":"ListItem","position":1,"name":"In\u00edcio","item":"https:\/\/ventosurbanos.pt\/home\/credito\/"},{"@type":"ListItem","position":2,"name":"Onde estamos"}]},{"@type":"WebSite","@id":"https:\/\/ventosurbanos.pt\/home\/credito\/#website","url":"https:\/\/ventosurbanos.pt\/home\/credito\/","name":"Ventos Urbanos - Intermedia\u00e7\u00e3o de Cr\u00e9dito","description":"Solu\u00e7\u00f5es de Cr\u00e9dito - Ventos Urbanos","publisher":{"@id":"https:\/\/ventosurbanos.pt\/home\/credito\/#organization"},"potentialAction":[{"@type":"SearchAction","target":{"@type":"EntryPoint","urlTemplate":"https:\/\/ventosurbanos.pt\/home\/credito\/?s={search_term_string}"},"query-input":{"@type":"PropertyValueSpecification","valueRequired":true,"valueName":"search_term_string"}}],"inLanguage":"pt-PT"},{"@type":"Organization","@id":"https:\/\/ventosurbanos.pt\/home\/credito\/#organization","name":"Ventos Urbanos - Intermedia\u00e7\u00e3o de Cr\u00e9dito","url":"https:\/\/ventosurbanos.pt\/home\/credito\/","logo":{"@type":"ImageObject","inLanguage":"pt-PT","@id":"https:\/\/ventosurbanos.pt\/home\/credito\/#\/schema\/logo\/image\/","url":"https:\/\/ventosurbanos.pt\/home\/credito\/wp-content\/uploads\/sites\/2\/2022\/06\/logo_ventos-1.svg","contentUrl":"https:\/\/ventosurbanos.pt\/home\/credito\/wp-content\/uploads\/sites\/2\/2022\/06\/logo_ventos-1.svg","width":700,"height":300,"caption":"Ventos Urbanos - Intermedia\u00e7\u00e3o de Cr\u00e9dito"},"image":{"@id":"https:\/\/ventosurbanos.pt\/home\/credito\/#\/schema\/logo\/image\/"}}]}},"_links":{"self":[{"href":"https:\/\/ventosurbanos.pt\/home\/credito\/wp-json\/wp\/v2\/pages\/346","targetHints":{"allow":["GET"]}}],"collection":[{"href":"https:\/\/ventosurbanos.pt\/home\/credito\/wp-json\/wp\/v2\/pages"}],"about":[{"href":"https:\/\/ventosurbanos.pt\/home\/credito\/wp-json\/wp\/v2\/types\/page"}],"author":[{"embeddable":true,"href":"https:\/\/ventosurbanos.pt\/home\/credito\/wp-json\/wp\/v2\/users\/1"}],"replies":[{"embeddable":true,"href":"https:\/\/ventosurbanos.pt\/home\/credito\/wp-json\/wp\/v2\/comments?post=346"}],"version-history":[{"count":16,"href":"https:\/\/ventosurbanos.pt\/home\/credito\/wp-json\/wp\/v2\/pages\/346\/revisions"}],"predecessor-version":[{"id":595,"href":"https:\/\/ventosurbanos.pt\/home\/credito\/wp-json\/wp\/v2\/pages\/346\/revisions\/595"}],"wp:attachment":[{"href":"https:\/\/ventosurbanos.pt\/home\/credito\/wp-json\/wp\/v2\/media?parent=346"}],"curies":[{"name":"wp","href":"https:\/\/api.w.org\/{rel}","templated":true}]}}